{"id":1138,"date":"2025-04-27T16:09:32","date_gmt":"2025-04-27T14:09:32","guid":{"rendered":"https:\/\/www.diaetologie-eberharter.at\/kurse\/?post_type=product&#038;p=1138"},"modified":"2025-07-30T18:47:22","modified_gmt":"2025-07-30T16:47:22","slug":"businessmentoring","status":"publish","type":"product","link":"https:\/\/www.diaetologie-eberharter.at\/kurse\/produkt\/businessmentoring\/","title":{"rendered":"Business-Mentoring"},"content":{"rendered":"<h2 style=\"text-align: center;\"><strong><span style=\"color: #41ad39;\">BUSINESS-MENTORING<br \/>\n<\/span><\/strong><strong><span class=\"NormalTextRun SCXW100579115 BCX0\" data-ccp-parastyle=\"heading 2\">Dein Fahrplan<\/span><span class=\"NormalTextRun SCXW100579115 BCX0\" data-ccp-parastyle=\"heading 2\">\u00a0<\/span><span class=\"NormalTextRun SCXW100579115 BCX0\" data-ccp-parastyle=\"heading 2\">in die erfolgreiche Freiberuflichkeit als Ern\u00e4hrungsfachkraft<\/span><\/strong><\/h2>\n<hr \/>\n<ul>\n<li aria-level=\"2\"><span data-contrast=\"none\">Bist du bereit, den Schritt in die Freiberuflichkeit zu wagen, aber f\u00fchlst dich noch unsicher? <\/span><\/li>\n<li aria-level=\"2\"><span data-contrast=\"none\">Du hast wohlm\u00f6glich bereits ein paar Patient*innen neben deiner Anstellung, m\u00f6chtest diese aber weiter ausbauen, um davon 100% leben zu k\u00f6nnen? <\/span><\/li>\n<li aria-level=\"2\"><span data-contrast=\"none\">Hast du unz\u00e4hlige Fragen, vielleicht sogar ein paar \u00c4ngste oder Sorgen, die dich davor zur\u00fcckhalten?<\/span><span data-ccp-props=\"{&quot;134233117&quot;:false,&quot;134233118&quot;:false,&quot;134245418&quot;:true,&quot;134245529&quot;:true,&quot;335559738&quot;:299,&quot;335559739&quot;:299}\">\u00a0<\/span><\/li>\n<\/ul>\n<p><b><span data-contrast=\"none\">Dann bist du bei unserem Business-Mentoring genau richtig!<\/span><\/b><span data-ccp-props=\"{&quot;134233117&quot;:false,&quot;134233118&quot;:false,&quot;335559738&quot;:240,&quot;335559739&quot;:240}\">\u00a0<\/span><\/p>\n<p aria-level=\"3\"><b><span data-contrast=\"none\">Was erwartet dich?<\/span><\/b><span data-ccp-props=\"{&quot;134233117&quot;:false,&quot;134233118&quot;:false,&quot;134245418&quot;:true,&quot;134245529&quot;:true,&quot;335559738&quot;:281,&quot;335559739&quot;:281}\">\u00a0<\/span><\/p>\n<ul>\n<li><b><span data-contrast=\"none\">1 Welcome Call:<\/span><\/b><span data-contrast=\"none\"> Wir lernen uns kennen und besprechen deine individuellen Ziele.<\/span><span data-ccp-props=\"{&quot;134233117&quot;:false,&quot;134233118&quot;:false,&quot;335559738&quot;:0,&quot;335559739&quot;:0}\">\u00a0<\/span><\/li>\n<li><b><span data-contrast=\"none\">6 interaktive Hot-Seat-Termine:<\/span><\/b><span data-contrast=\"none\"> Jede*r Teilnehmer*in hat die M\u00f6glichkeit, seine*ihre aktuelle Situation zu schildern und von der Gruppe und den Mentorinnen wertvolle Tipps und konkrete L\u00f6sungsstrategien zu erhalten.<\/span><span data-ccp-props=\"{&quot;134233117&quot;:false,&quot;134233118&quot;:false,&quot;335559738&quot;:0,&quot;335559739&quot;:0}\">\u00a0<\/span><\/li>\n<li><b><span data-contrast=\"none\">1 Abschluss-Call:<\/span><\/b><span data-contrast=\"none\"> Wir fassen die Ergebnisse zusammen und geben dir weitere Empfehlungen f\u00fcr deinen Weg.<\/span><span data-ccp-props=\"{&quot;134233117&quot;:false,&quot;134233118&quot;:false,&quot;335559738&quot;:0,&quot;335559739&quot;:0}\">\u00a0<\/span><\/li>\n<li><strong>BONUS:<\/strong> Die exklusive WhatsApp Gruppe regt zum Austausch und Feedback geben ein &#8211; auch zwischen den Live-Terminen stehen wir dir und die ganze Gruppe damit zur Seite.<\/li>\n<\/ul>\n<p><span class=\"NormalTextRun SCXW24282246 BCX0\"><strong>+ Zubuchbar: 25 Minuten 1:1 Call mit Petra oder Andrea<\/strong> f\u00fcr deine pers\u00f6nlichen Fragen<\/span><span class=\"NormalTextRun SCXW24282246 BCX0\">. Innerhalb von 6 Monaten nach Abschluss des Programmes buchbar.<\/span><\/p>\n<p style=\"text-align: left;\"><span style=\"color: #41ad39;\"><strong><span class=\"TextRun SCXW103773267 BCX0\" lang=\"DE-DE\" xml:lang=\"DE-DE\" data-contrast=\"none\"><span class=\"NormalTextRun SCXW103773267 BCX0\">\u201eDein Fahrplan in die erfolgreiche Freiberuflichkeit: <\/span><\/span><span class=\"TextRun SCXW103773267 BCX0\" lang=\"DE-DE\" xml:lang=\"DE-DE\" data-contrast=\"none\"><span class=\"NormalTextRun SCXW103773267 BCX0\">Von der Unsicherheit zum Durchbruch\u201c<\/span><\/span><\/strong><\/span><\/p>\n<hr \/>\n<p style=\"text-align: center;\"><strong>Deine Business-Mentorinnen<\/strong><\/p>\n<p style=\"text-align: center;\"><span class=\"TextRun SCXW62602693 BCX0\" lang=\"DE-DE\" xml:lang=\"DE-DE\" data-contrast=\"none\"><span class=\"NormalTextRun SCXW62602693 BCX0\">Wir, Petra <\/span><span class=\"NormalTextRun SCXW62602693 BCX0\">und<\/span><span class=\"NormalTextRun SCXW62602693 BCX0\"> Andrea, sind in Summe seit \u00fcber 13 Jahren als Diaetologinnen Vollzeit <\/span><span class=\"NormalTextRun SCXW62602693 BCX0\">S<\/span><span class=\"NormalTextRun SCXW62602693 BCX0\">elbstst\u00e4ndig<\/span><span class=\"NormalTextRun SCXW62602693 BCX0\"> t\u00e4tig<\/span><span class=\"NormalTextRun SCXW62602693 BCX0\"> und haben in dieser Zeit alle H\u00f6hen und Tiefen der Freiberuflichkeit erlebt. Wir wissen, wie es sich anf\u00fchlt, am Anfang zu stehen und sich mit all den Herausforderungen auseinandersetzen zu m\u00fcssen<\/span><span class=\"NormalTextRun SCXW62602693 BCX0\"> und dieser Ungewissheit konfrontiert zu sein.<\/span><\/span><span class=\"EOP SCXW62602693 BCX0\" data-ccp-props=\"{&quot;134233117&quot;:false,&quot;134233118&quot;:false,&quot;335559738&quot;:240,&quot;335559739&quot;:240}\">\u00a0<\/span><\/p>\n<p><img loading=\"lazy\" decoding=\"async\" class=\"wp-image-1139 size-medium aligncenter\" src=\"https:\/\/www.diaetologie-eberharter.at\/kurse\/wp-content\/uploads\/2025\/04\/Fotos_Businessmentoring-Andrea-Petra_kl-2-300x212.png\" alt=\"Fotos_Businessmentoring-Andrea-Petra_kl\" width=\"300\" height=\"212\" srcset=\"https:\/\/www.diaetologie-eberharter.at\/kurse\/wp-content\/uploads\/2025\/04\/Fotos_Businessmentoring-Andrea-Petra_kl-2-300x212.png 300w, https:\/\/www.diaetologie-eberharter.at\/kurse\/wp-content\/uploads\/2025\/04\/Fotos_Businessmentoring-Andrea-Petra_kl-2-1024x724.png 1024w, https:\/\/www.diaetologie-eberharter.at\/kurse\/wp-content\/uploads\/2025\/04\/Fotos_Businessmentoring-Andrea-Petra_kl-2-768x543.png 768w, https:\/\/www.diaetologie-eberharter.at\/kurse\/wp-content\/uploads\/2025\/04\/Fotos_Businessmentoring-Andrea-Petra_kl-2-1536x1086.png 1536w, https:\/\/www.diaetologie-eberharter.at\/kurse\/wp-content\/uploads\/2025\/04\/Fotos_Businessmentoring-Andrea-Petra_kl-2-600x424.png 600w, https:\/\/www.diaetologie-eberharter.at\/kurse\/wp-content\/uploads\/2025\/04\/Fotos_Businessmentoring-Andrea-Petra_kl-2.png 2000w\" sizes=\"(max-width: 300px) 100vw, 300px\" \/><\/p>\n<p style=\"text-align: center;\"><span style=\"color: #41ad39;\"><strong>BUSINESS-MENTORING<br \/>\n<\/strong><strong><span class=\"NormalTextRun SCXW100579115 BCX0\" data-ccp-parastyle=\"heading 2\"><span style=\"color: #41ad39;\">D<\/span>ein Fahrplan<\/span><span class=\"NormalTextRun SCXW100579115 BCX0\" data-ccp-parastyle=\"heading 2\">\u00a0<\/span><span class=\"NormalTextRun SCXW100579115 BCX0\" data-ccp-parastyle=\"heading 2\">in die erfolgreiche Freiberuflichkeit als Ern\u00e4hrungsfachkraft<br \/>\n<\/span><\/strong><\/span>\ud83d\udc49<strong>\u00a0<\/strong><strong>Nach dem Kauf erh\u00e4ltst du nochmal alle Details inkl. Zoom-Link per Mail.<\/strong><\/p>\n<hr \/>\n<p><strong>Dich besch\u00e4ftigt noch eine Frage:<\/strong><\/p>\n<p><strong><u>Wie erhalte ich meinen Zugang zum Business-Mentoring?<\/u><\/strong><u><br \/>\n<\/u>Nach dem Kauf hast du dir einen der begrenzten Pl\u00e4tze gesichert und erh\u00e4ltst alle Details mit deinem <strong>exklusiven Zoom-Link per Mail <\/strong>(mit der du den Kauf abgeschlossen hast)\u2013 schau bitte auch im Spam-Ordner nach, falls du nichts erh\u00e4ltst.<\/p>\n<p><strong><u>Hast du noch eine Frage?<\/u><\/strong><br \/>\nWir sind sehr gerne unter <a href=\"https:\/\/www.diaetologie-eberharter.at\/kontakt\/\"><strong>office@diaetologie-eberharter.at<\/strong><\/a> bzw. <a class=\"Hyperlink SCXW101737825 BCX0\" href=\"mailto:office@andrea-zarfl.at\" target=\"_blank\" rel=\"noreferrer noopener\"><span class=\"TextRun Underlined SCXW101737825 BCX0\" lang=\"DE-DE\" xml:lang=\"DE-DE\" data-contrast=\"none\"><span class=\"NormalTextRun SCXW101737825 BCX0\" data-ccp-charstyle=\"Hyperlink\">office@andrea-zarfl.at<\/span><\/span><\/a><span class=\"TextRun SCXW101737825 BCX0\" lang=\"DE-DE\" xml:lang=\"DE-DE\" data-contrast=\"none\"><span class=\"NormalTextRun SCXW101737825 BCX0\">\u00a0<\/span><\/span>f\u00fcr dich erreichbar und antworten dir, so schnell wir k\u00f6nnen.<\/p>\n","protected":false},"excerpt":{"rendered":"<p style=\"text-align: center;\"><strong><span style=\"color: #41ad39;\">BUSINESS-MENTORING<br \/>\n<\/span><\/strong><strong>Dein <\/strong><strong><span class=\"NormalTextRun SCXW100579115 BCX0\" data-ccp-parastyle=\"heading 2\">Fahrplan<\/span><span class=\"NormalTextRun SCXW100579115 BCX0\" data-ccp-parastyle=\"heading 2\">\u00a0<\/span><span class=\"NormalTextRun SCXW100579115 BCX0\" data-ccp-parastyle=\"heading 2\">in die erfolgreiche Freiberuflichkeit als Ern\u00e4hrungsfachkraft<\/span><\/strong><\/p>\n<p style=\"text-align: center;\">Von der Unsicherheit zum Durchbruch &#8211; in 8 Wochen!<b><br \/>\n<\/b><\/p>\n<p>*inkl. Bonus<\/p>\n","protected":false},"featured_media":1147,"comment_status":"closed","ping_status":"closed","template":"","meta":[],"product_brand":[],"product_cat":[47],"product_tag":[70,51,52,49,69,53,54,48,50],"class_list":{"0":"post-1138","1":"product","2":"type-product","3":"status-publish","4":"has-post-thumbnail","6":"product_cat-onlinemeeting","7":"product_tag-businessmentoring","8":"product_tag-diaetologin","9":"product_tag-ernaehrungsfachkraft","10":"product_tag-freiberuflichkeit","11":"product_tag-mentoring","12":"product_tag-onlinemeeting","13":"product_tag-selbststaendig","14":"product_tag-selbststaendigkeit","15":"product_tag-unternehmerin","17":"first","18":"outofstock","19":"virtual","20":"purchasable","21":"product-type-simple"},"_links":{"self":[{"href":"https:\/\/www.diaetologie-eberharter.at\/kurse\/wp-json\/wp\/v2\/product\/1138"}],"collection":[{"href":"https:\/\/www.diaetologie-eberharter.at\/kurse\/wp-json\/wp\/v2\/product"}],"about":[{"href":"https:\/\/www.diaetologie-eberharter.at\/kurse\/wp-json\/wp\/v2\/types\/product"}],"replies":[{"embeddable":true,"href":"https:\/\/www.diaetologie-eberharter.at\/kurse\/wp-json\/wp\/v2\/comments?post=1138"}],"wp:featuredmedia":[{"embeddable":true,"href":"https:\/\/www.diaetologie-eberharter.at\/kurse\/wp-json\/wp\/v2\/media\/1147"}],"wp:attachment":[{"href":"https:\/\/www.diaetologie-eberharter.at\/kurse\/wp-json\/wp\/v2\/media?parent=1138"}],"wp:term":[{"taxonomy":"product_brand","embeddable":true,"href":"https:\/\/www.diaetologie-eberharter.at\/kurse\/wp-json\/wp\/v2\/product_brand?post=1138"},{"taxonomy":"product_cat","embeddable":true,"href":"https:\/\/www.diaetologie-eberharter.at\/kurse\/wp-json\/wp\/v2\/product_cat?post=1138"},{"taxonomy":"product_tag","embeddable":true,"href":"https:\/\/www.diaetologie-eberharter.at\/kurse\/wp-json\/wp\/v2\/product_tag?post=1138"}],"curies":[{"name":"wp","href":"https:\/\/api.w.org\/{rel}","templated":true}]}}