{"id":799,"date":"2023-11-20T21:32:48","date_gmt":"2023-11-20T20:32:48","guid":{"rendered":"https:\/\/www.diaetologie-eberharter.at\/kurse\/?post_type=product&#038;p=799"},"modified":"2024-01-19T08:32:51","modified_gmt":"2024-01-19T07:32:51","slug":"kombiangebot-onlinekurs-e-book-mztp","status":"publish","type":"product","link":"https:\/\/www.diaetologie-eberharter.at\/kurse\/produkt\/kombiangebot-onlinekurs-e-book-mztp\/","title":{"rendered":"Kombiangebot: Was kommt heute auf den Teller? inkl. Mini E-Book"},"content":{"rendered":"<p style=\"text-align: center;\"><span style=\"color: #d22229;\"><strong>Spare -20 % auf mein Kombiangebot aus Onlinekurs und Mini E-Book!<\/strong><\/span><br \/>\n<strong>Du willst dir nicht l\u00e4nger den Kopf zerbrechen, was du kochen sollst und w\u00fcnscht dir Tipps f\u00fcr schnelle Gerichte, die im stressigen Alltag umsetzbar sind?<\/strong><\/p>\n<hr \/>\n<p><span style=\"color: #41ad39;\"><strong>Onlinekurs: Was kommt heute auf den Teller? Essen ohne Verbote nach dem Mahlzeitenteller-Prinzip<\/strong><\/span><\/p>\n<p>Das erwartet dich ganz konkret im Onlinekurs:<\/p>\n<p>\ud83d\udc9a\u00a0<strong>Grundpfeiler des Mahlzeitenteller-Prinzips<\/strong>\u00a0&#8211; egal ob zu Hause oder unterwegs, danach kannst du dein\u00a0<strong>Essen individuell abwandeln<\/strong>.<br \/>\n\ud83d\udc9a\u00a0<strong>Wochenspeiseplan-Vorlage<\/strong>\u00a0(abwechslungsreich und alltagstauglich) &#8211; damit du deinem K\u00f6rper eine\u00a0<strong>vielf\u00e4ltige Lebensmittelauswahl<\/strong>\u00a0zuf\u00fchrst.<br \/>\n\ud83d\udc9a Unterst\u00fctzende Rezeptbeispiele zur\u00a0<strong>leichten Umsetzung in deinen Alltag<\/strong>\u00a0&#8211; so baust du deine eigene Rezeptdatenbank auf, die zu dir und deinen Bed\u00fcrfnissen passt.<br \/>\n\ud83d\udc9a\u00a0<strong>Live-Cooking inkl. Rezept<\/strong>\u00a0&#8211; gemeinsam bereiten wir in\u00a0<strong>weniger als 5 Minuten<\/strong> dein Fr\u00fchst\u00fcck f\u00fcr den n\u00e4chsten Tag zu.<\/p>\n<blockquote><p><strong><em>Nach dem Onlinekurs zerbrichst du dir nicht mehr den Kopf, ob du dich mit deiner Ern\u00e4hrung ausreichend versorgst. Ganz im Gegenteil \u2013 du wei\u00dft ganz genau, wie du eine vielf\u00e4ltige N\u00e4hrstoffzufuhr schaffst. Dadurch machen deine Darmbakterien Luftspr\u00fcnge und halten dich und deinen K\u00f6rper gesund und ausgeglichen.<\/em><\/strong><em>\u00a0<\/em><\/p><\/blockquote>\n<hr \/>\n<p><span style=\"color: #41ad39;\"><strong>Mini E-Book: Mahlzeitenteller-Prinzip leicht gemacht!<\/strong><\/span><\/p>\n<p>Das erwartet dich ganz konkret im Mini E-Book:<\/p>\n<p>\ud83d\udc9a\u00a0<strong>Grundpfeiler des Mahlzeitenteller-Prinzips<\/strong>\u00a0&#8211; egal ob zu Hause oder unterwegs, danach kannst du dein\u00a0<strong>Essen individuell abwandeln<\/strong>.<br \/>\n\ud83d\udc9a\u00a0<strong>Wochenspeiseplan-Beispiel inkl. Vorlagen<\/strong>\u00a0(abwechslungsreich und alltagstauglich) &#8211; damit du deinem K\u00f6rper eine\u00a0<strong>vielf\u00e4ltige Lebensmittelauswahl<\/strong>\u00a0zuf\u00fchrst.<br \/>\n\ud83d\udc9a\u00a0<strong>12 Rezepte<\/strong>\u00a0nach dem Mahlzeitenteller-Prinzip zur\u00a0<strong>leichten Umsetzung in deinen Alltag<\/strong>\u00a0&#8211; saisonale Inspirationen das ganze Jahr\u00a0<strong>inkl. Ern\u00e4hrungswissen, Besonderheiten und Zusatztipps<\/strong>.<br \/>\n\ud83d\udc9a\u00a0Alle Rezepte sind\u00a0<strong>vegetarisch &#8211; 7 davon sogar vegan<\/strong>\u00a0oder k\u00f6nnen auch rein pflanzlich zubereitet werden kann. Du entscheidest.\ud83d\ude00<br \/>\n\ud83d\udc9a\u00a0<strong>Bonus: Check my Nutrition\u00a0<\/strong>&#8211;\u00a0Ich analysiere deine Ern\u00e4hrung und gebe dir individuelle Tipps anhand eines personalisierten Tagesbeispiels!<\/p>\n<blockquote><p><strong>Mit Hilfe meines Mini E-Books zerbrichst du dir nicht mehr den Kopf, ob du dich mit deiner Ern\u00e4hrung ausreichend versorgst. Ganz im Gegenteil \u2013 du wei\u00dft ganz genau, wie du eine vielf\u00e4ltige N\u00e4hrstoffzufuhr schaffst. Dadurch machen deine Darmbakterien Luftspr\u00fcnge und halten dich und deinen K\u00f6rper gesund und ausgeglichen.<\/strong><\/p><\/blockquote>\n<hr \/>\n<p><img loading=\"lazy\" decoding=\"async\" class=\"size-medium wp-image-780 aligncenter\" src=\"https:\/\/www.diaetologie-eberharter.at\/kurse\/wp-content\/uploads\/2023\/09\/Cover-Bundle-OnlinekursMini-E-Book-MZTP_1080-\u00d7-1080-px-300x300.jpg\" alt=\"\" width=\"300\" height=\"300\" srcset=\"https:\/\/www.diaetologie-eberharter.at\/kurse\/wp-content\/uploads\/2023\/09\/Cover-Bundle-OnlinekursMini-E-Book-MZTP_1080-\u00d7-1080-px-300x300.jpg 300w, https:\/\/www.diaetologie-eberharter.at\/kurse\/wp-content\/uploads\/2023\/09\/Cover-Bundle-OnlinekursMini-E-Book-MZTP_1080-\u00d7-1080-px-1024x1024.jpg 1024w, https:\/\/www.diaetologie-eberharter.at\/kurse\/wp-content\/uploads\/2023\/09\/Cover-Bundle-OnlinekursMini-E-Book-MZTP_1080-\u00d7-1080-px-150x150.jpg 150w, https:\/\/www.diaetologie-eberharter.at\/kurse\/wp-content\/uploads\/2023\/09\/Cover-Bundle-OnlinekursMini-E-Book-MZTP_1080-\u00d7-1080-px-768x768.jpg 768w, https:\/\/www.diaetologie-eberharter.at\/kurse\/wp-content\/uploads\/2023\/09\/Cover-Bundle-OnlinekursMini-E-Book-MZTP_1080-\u00d7-1080-px-600x600.jpg 600w, https:\/\/www.diaetologie-eberharter.at\/kurse\/wp-content\/uploads\/2023\/09\/Cover-Bundle-OnlinekursMini-E-Book-MZTP_1080-\u00d7-1080-px-100x100.jpg 100w, https:\/\/www.diaetologie-eberharter.at\/kurse\/wp-content\/uploads\/2023\/09\/Cover-Bundle-OnlinekursMini-E-Book-MZTP_1080-\u00d7-1080-px.jpg 1080w\" sizes=\"(max-width: 300px) 100vw, 300px\" \/><\/p>\n<p style=\"text-align: center;\"><span style=\"color: #41ad39;\"><strong>Stelle ab sofort dein Essen einfach und schnell zusammen und versorge deinen K\u00f6rper mit allen wichtigen N\u00e4hrstoffen!<br \/>\n<\/strong><\/span>\ud83d\udc49<strong>\u00a0<\/strong><strong>Nach dem Kauf erh\u00e4ltst du gleich den Zugang zum Onlinekurs inkl. Mini E-Book.<\/strong><\/p>\n<hr \/>\n<p><strong>Dich besch\u00e4ftigt noch eine Frage:<\/strong><\/p>\n<p><strong><u>In wie weit ist der Onlinekurs und das E-Book auf meine Bed\u00fcrfnisse abgestimmt?*<\/u><\/strong><br \/>\nIch habe die Inhalte durch meine jahrelange ern\u00e4hrungsmedizinische Betreuung von Patient*innen mit einem vollen Terminkalender, die keine Lust haben nach der Arbeit stundenlang in der K\u00fcche zu stehen und jene, die sich schnelle, saisonale und regionale Rezepte w\u00fcnschen, die ohne exotische Produkte auskommen, sehr bewusst zusammengestellt, sodass die Inhalte <strong>bereits bestm\u00f6glich auf deine Bed\u00fcrfnisse abgestimmt sind.\u00a0<\/strong><\/p>\n<p><strong><u>Wie erhalte ich meinen Zugang zu den Kursinhalten?<\/u><\/strong><u><br \/>\n<\/u>Nach dem Kauf bekommst du einen\u00a0<strong>exklusiven Zugang<\/strong>\u00a0zu meiner\u00a0<strong>digitalen Kursseite\u00a0<\/strong>\u2013 schau bitte auch im Spam-Ordner nach, falls du nichts erh\u00e4ltst.<\/p>\n<p><strong><u>Wie lange habe ich Zugriff auf die Inhalte?<\/u><\/strong><br \/>\nDamit du langfristig von deinem pers\u00f6nlichen Wochenspeiseplan profitierst und du die Grundpfeiler des Mahlzeitenteller-Prinzips schrittweise in deinen Alltag integrieren kannst, hast du solange Zugriff auf alle Inhalte, solange es Diaetologie Eberharter gibt. Die digitalen Dokumente (PDF, Rezepte,&#8230;) kannst du dir herunterladen und speichern.<\/p>\n<p><strong><u>Hast du noch eine Frage?<\/u><\/strong><br \/>\nIch bin sehr gerne unter\u00a0<a href=\"https:\/\/www.diaetologie-eberharter.at\/kontakt\/\"><strong>office@diaetologie-eberharter.at<\/strong><\/a>\u00a0f\u00fcr dich erreichbar und antworte dir, so schnell ich kann.<\/p>\n<p>*Bitte beachte, dass der Kurs weder eine \u00e4rztliche Untersuchung, noch eine individuelle Ern\u00e4hrungstherapie durch Diaetolog*innen ersetzen kann.<\/p>\n<hr \/>\n<p style=\"text-align: center;\">Halli Hallo, ich bin Petra von Diaetologie Eberharter<br \/>\nund mein Motto lautet:<\/p>\n<p style=\"text-align: center;\"><strong><span style=\"color: #41ad39;\">Essen is(s)t die erste Medizin<\/span><\/strong><\/p>\n<p><strong style=\"color: #41ad39; text-align: center;\"><img loading=\"lazy\" decoding=\"async\" class=\" wp-image-782 aligncenter\" src=\"https:\/\/www.diaetologie-eberharter.at\/kurse\/wp-content\/uploads\/2023\/08\/Petra_mit_Salat_in_der_Hand_rund-300x300-1.png\" alt=\"Petra_mit_Salat_in_der_Hand_rund-300x300\" width=\"199\" height=\"199\" srcset=\"https:\/\/www.diaetologie-eberharter.at\/kurse\/wp-content\/uploads\/2023\/08\/Petra_mit_Salat_in_der_Hand_rund-300x300-1.png 300w, https:\/\/www.diaetologie-eberharter.at\/kurse\/wp-content\/uploads\/2023\/08\/Petra_mit_Salat_in_der_Hand_rund-300x300-1-150x150.png 150w, https:\/\/www.diaetologie-eberharter.at\/kurse\/wp-content\/uploads\/2023\/08\/Petra_mit_Salat_in_der_Hand_rund-300x300-1-100x100.png 100w\" sizes=\"(max-width: 199px) 100vw, 199px\" \/><\/strong><\/p>\n<p>Als Diaetologin helfe ich dir, eine nachhaltige und ausgewogene Ern\u00e4hrung ohne jeglicher Verbote in deinem Alltag zu integrieren.<\/p>\n<p><strong>Ern\u00e4hrungsvielfalt statt Verbote<\/strong><br \/>\nIch liebe es nicht nur zu kochen, sondern auch zu essen! Dabei steht der <strong>Genuss im Vordergrund und keine Verbote<\/strong>. Ein gesundes Mittelma\u00df h\u00e4lt hier unsere (Darm-)Gesundheit und Lebensqualit\u00e4t in Balance. Zu einer ausgewogenen Lebensform geh\u00f6rt auch eine <strong>vielf\u00e4ltige Lebensmittelauswahl.<\/strong> Eine einseitige Ern\u00e4hrung macht uns \u00fcber lange Zeit krank, da unser K\u00f6rper nicht ausreichend mit lebenswichtigen N\u00e4hrstoffen versorgt wird. Nutzen wir daher die Vielfalt der Natur und st\u00e4rken unsere (Darm-)Gesundheit ganzheitlich.<\/p>\n<p><strong>Lass uns starten!<\/strong><\/p>\n<p>Deine Petra von Diaetologie Eberharter<\/p>\n<hr \/>\n<p><img loading=\"lazy\" decoding=\"async\" class=\"size-medium wp-image-780 aligncenter\" src=\"https:\/\/www.diaetologie-eberharter.at\/kurse\/wp-content\/uploads\/2023\/09\/Cover-Bundle-OnlinekursMini-E-Book-MZTP_1080-\u00d7-1080-px-300x300.jpg\" alt=\"\" width=\"300\" height=\"300\" srcset=\"https:\/\/www.diaetologie-eberharter.at\/kurse\/wp-content\/uploads\/2023\/09\/Cover-Bundle-OnlinekursMini-E-Book-MZTP_1080-\u00d7-1080-px-300x300.jpg 300w, https:\/\/www.diaetologie-eberharter.at\/kurse\/wp-content\/uploads\/2023\/09\/Cover-Bundle-OnlinekursMini-E-Book-MZTP_1080-\u00d7-1080-px-1024x1024.jpg 1024w, https:\/\/www.diaetologie-eberharter.at\/kurse\/wp-content\/uploads\/2023\/09\/Cover-Bundle-OnlinekursMini-E-Book-MZTP_1080-\u00d7-1080-px-150x150.jpg 150w, https:\/\/www.diaetologie-eberharter.at\/kurse\/wp-content\/uploads\/2023\/09\/Cover-Bundle-OnlinekursMini-E-Book-MZTP_1080-\u00d7-1080-px-768x768.jpg 768w, https:\/\/www.diaetologie-eberharter.at\/kurse\/wp-content\/uploads\/2023\/09\/Cover-Bundle-OnlinekursMini-E-Book-MZTP_1080-\u00d7-1080-px-600x600.jpg 600w, https:\/\/www.diaetologie-eberharter.at\/kurse\/wp-content\/uploads\/2023\/09\/Cover-Bundle-OnlinekursMini-E-Book-MZTP_1080-\u00d7-1080-px-100x100.jpg 100w, https:\/\/www.diaetologie-eberharter.at\/kurse\/wp-content\/uploads\/2023\/09\/Cover-Bundle-OnlinekursMini-E-Book-MZTP_1080-\u00d7-1080-px.jpg 1080w\" sizes=\"(max-width: 300px) 100vw, 300px\" \/><\/p>\n<p style=\"text-align: center;\"><span style=\"color: #41ad39;\"><strong>Stelle ab sofort dein Essen einfach und schnell zusammen und versorge deinen K\u00f6rper mit allen wichtigen N\u00e4hrstoffen!<br \/>\n<\/strong><\/span>\ud83d\udc49<strong>\u00a0<\/strong><strong>Nach dem Kauf erh\u00e4ltst du gleich den Zugang zum Onlinekurs inkl. Mini E-Book.<\/strong><\/p>\n","protected":false},"excerpt":{"rendered":"<p style=\"text-align: center;\"><span style=\"color: #d22229;\"><strong>Spare -20 % auf mein Kombiangebot aus Onlinekurs und Mini E-Book!<\/strong><\/span><\/p>\n<p style=\"text-align: center;\"><span style=\"color: #41ad39;\"><strong>Stelle ab sofort dein Essen einfach und schnell zusammen und versorge deinen K\u00f6rper mit allen wichtigen N\u00e4hrstoffen!<br \/>\n<\/strong><\/span>\ud83d\udc49<strong>\u00a0<\/strong><strong>Nach dem Kauf erh\u00e4ltst du gleich den Zugang zum Onlinekurs inkl. Mini E-Book.<\/strong><\/p>\n","protected":false},"featured_media":780,"comment_status":"closed","ping_status":"closed","template":"","meta":[],"product_brand":[],"product_cat":[38],"product_tag":[37,34,39,31,32,36,35,33],"class_list":{"0":"post-799","1":"product","2":"type-product","3":"status-publish","4":"has-post-thumbnail","6":"product_cat-onlinekurse","7":"product_tag-ernaehrungstipps","8":"product_tag-mahlzeitenteller-prinzip","9":"product_tag-onlinekurs","10":"product_tag-rezepte","11":"product_tag-speiseplan","12":"product_tag-vegan","13":"product_tag-vegetarisch","14":"product_tag-wochenspeiseplan","16":"first","17":"instock","18":"sale","19":"virtual","20":"purchasable","21":"product-type-simple"},"_links":{"self":[{"href":"https:\/\/www.diaetologie-eberharter.at\/kurse\/wp-json\/wp\/v2\/product\/799"}],"collection":[{"href":"https:\/\/www.diaetologie-eberharter.at\/kurse\/wp-json\/wp\/v2\/product"}],"about":[{"href":"https:\/\/www.diaetologie-eberharter.at\/kurse\/wp-json\/wp\/v2\/types\/product"}],"replies":[{"embeddable":true,"href":"https:\/\/www.diaetologie-eberharter.at\/kurse\/wp-json\/wp\/v2\/comments?post=799"}],"wp:featuredmedia":[{"embeddable":true,"href":"https:\/\/www.diaetologie-eberharter.at\/kurse\/wp-json\/wp\/v2\/media\/780"}],"wp:attachment":[{"href":"https:\/\/www.diaetologie-eberharter.at\/kurse\/wp-json\/wp\/v2\/media?parent=799"}],"wp:term":[{"taxonomy":"product_brand","embeddable":true,"href":"https:\/\/www.diaetologie-eberharter.at\/kurse\/wp-json\/wp\/v2\/product_brand?post=799"},{"taxonomy":"product_cat","embeddable":true,"href":"https:\/\/www.diaetologie-eberharter.at\/kurse\/wp-json\/wp\/v2\/product_cat?post=799"},{"taxonomy":"product_tag","embeddable":true,"href":"https:\/\/www.diaetologie-eberharter.at\/kurse\/wp-json\/wp\/v2\/product_tag?post=799"}],"curies":[{"name":"wp","href":"https:\/\/api.w.org\/{rel}","templated":true}]}}