{"id":939,"date":"2024-02-05T11:08:44","date_gmt":"2024-02-05T10:08:44","guid":{"rendered":"https:\/\/www.diaetologie-eberharter.at\/kurse\/?post_type=product&#038;p=939"},"modified":"2024-02-06T07:49:34","modified_gmt":"2024-02-06T06:49:34","slug":"ernaehrungshappen-darmfit","status":"publish","type":"product","link":"https:\/\/www.diaetologie-eberharter.at\/kurse\/produkt\/ernaehrungshappen-darmfit\/","title":{"rendered":"Ern\u00e4hrungshappen: Darmfit"},"content":{"rendered":"<p style=\"text-align: center;\"><strong><span style=\"color: #41ad39;\">Darmfit &#8211; Meine 5 Top Tipps f\u00fcr Dich<br \/>\n<\/span>Ich verrate dir meine pers\u00f6nlichen Gamechanger f\u00fcr eine ganzheitliche Darmgesundheit &#8211; inkl. BONI<\/strong><\/p>\n<hr \/>\n<p>In meinem\u00a0<strong>Ern\u00e4hrungshappen<\/strong><strong> &#8222;Darmfit&#8220;<\/strong><strong>\u00a0<\/strong>verrate ich dir, meine pers\u00f6nlichen 5 Gamechanger-Tipps, die deinen <strong>Darm ganzheitlich unterst\u00fctzen sich aufzubauen<\/strong>, damit du wei\u00dft welche Einflussfaktoren zu selbst in der Hand hast.<\/p>\n<p><b>Das bekommst du konkret:<\/b><\/p>\n<p>\u2714\ufe0f Ein besseres Verst\u00e4ndnis f\u00fcr deine Verdauung<br \/>\n\u2714\ufe0f Meine pers\u00f6nlichen 5 Gamechanger-Tipps<br \/>\n\u2714\ufe0f Konkrete Hilfestellung, wie du die Tipps in deinen Alltag integrieren kannst<br \/>\n\u2714\ufe0f <strong>BONI:<\/strong> schnelles und darmfreundliches Rezept<\/p>\n<hr \/>\n<p><img loading=\"lazy\" decoding=\"async\" class=\"size-medium wp-image-940 aligncenter\" src=\"https:\/\/www.diaetologie-eberharter.at\/kurse\/wp-content\/uploads\/2024\/02\/Cover_ERN-Happen_Darmfit-1080-\u00d7-1080-px-300x300.jpg\" alt=\"\" width=\"300\" height=\"300\" srcset=\"https:\/\/www.diaetologie-eberharter.at\/kurse\/wp-content\/uploads\/2024\/02\/Cover_ERN-Happen_Darmfit-1080-\u00d7-1080-px-300x300.jpg 300w, https:\/\/www.diaetologie-eberharter.at\/kurse\/wp-content\/uploads\/2024\/02\/Cover_ERN-Happen_Darmfit-1080-\u00d7-1080-px-1024x1024.jpg 1024w, https:\/\/www.diaetologie-eberharter.at\/kurse\/wp-content\/uploads\/2024\/02\/Cover_ERN-Happen_Darmfit-1080-\u00d7-1080-px-150x150.jpg 150w, https:\/\/www.diaetologie-eberharter.at\/kurse\/wp-content\/uploads\/2024\/02\/Cover_ERN-Happen_Darmfit-1080-\u00d7-1080-px-768x768.jpg 768w, https:\/\/www.diaetologie-eberharter.at\/kurse\/wp-content\/uploads\/2024\/02\/Cover_ERN-Happen_Darmfit-1080-\u00d7-1080-px-600x600.jpg 600w, https:\/\/www.diaetologie-eberharter.at\/kurse\/wp-content\/uploads\/2024\/02\/Cover_ERN-Happen_Darmfit-1080-\u00d7-1080-px-100x100.jpg 100w, https:\/\/www.diaetologie-eberharter.at\/kurse\/wp-content\/uploads\/2024\/02\/Cover_ERN-Happen_Darmfit-1080-\u00d7-1080-px.jpg 1080w\" sizes=\"(max-width: 300px) 100vw, 300px\" \/><\/p>\n<p style=\"text-align: center;\"><span style=\"color: #41ad39;\"><strong>Darmfit &#8211; Meine 5 Top Tipps f\u00fcr Dich<br \/>\n<\/strong><\/span>\ud83d\udc49<strong>\u00a0<\/strong><strong>Nach dem Kauf erh\u00e4ltst du gleich den Zugang inkl. BONI-Rezept.<\/strong><\/p>\n<hr \/>\n<p><strong>Dich besch\u00e4ftigt noch eine Frage:<\/strong><\/p>\n<p><strong><u>In wie weit ist der Kurs auf meine Bed\u00fcrfnisse abgestimmt?*<\/u><\/strong><br \/>\nIch habe die Inhalte des Ern\u00e4hrungshappen &#8222;Darmfit&#8220; durch meine jahrelange ern\u00e4hrungsmedizinische Betreuung von Patient*innen mit Verdauungsbeschwerden, Bauchschmerzen, wechselhaftem Stuhlgang und Unsicherheiten, welche Lebensmittel noch vertragen werden, sehr bewusst zusammengestellt, sodass der Onlinekurs <strong>bereits bestm\u00f6glich auf deine Bed\u00fcrfnisse abgestimmt ist.\u00a0<\/strong><\/p>\n<p><strong><u>Wie erhalte ich meinen Zugang zu den Kursinhalten?<\/u><\/strong><u><br \/>\n<\/u>Nach dem Kauf bekommst du einen\u00a0<strong>exklusiven Zugang<\/strong>\u00a0zu meiner\u00a0<strong>digitalen Kursseite\u00a0<\/strong>\u2013 schau bitte auch im Spam-Ordner nach, falls du nichts erh\u00e4ltst.<\/p>\n<p><strong><u>Wie lange habe ich Zugriff auf die Inhalte?<\/u><\/strong><br \/>\nDamit du langfristig von meinen 5 Gamechangern profitierst und du die ganzheitlichen Darmfit-Tipps schrittweise in deinen Alltag integrieren kannst, hast du solange Zugriff auf alle Inhalte, solange es Diaetologie Eberharter gibt. Die digitalen Dokumente (PDF, Rezepte,&#8230;) kannst du dir herunterladen und speichern.<\/p>\n<p><strong><u>Hast du noch eine Frage?<\/u><\/strong><br \/>\nIch bin sehr gerne unter\u00a0<a href=\"https:\/\/www.diaetologie-eberharter.at\/kontakt\/\"><strong>office@diaetologie-eberharter.at<\/strong><\/a>\u00a0f\u00fcr dich erreichbar und antworte dir, so schnell ich kann.<\/p>\n<p>*Bitte beachte, dass der Kurs weder eine \u00e4rztliche Untersuchung, noch eine individuelle Ern\u00e4hrungstherapie durch Diaetolog*innen ersetzen kann.<\/p>\n<hr \/>\n<p style=\"text-align: center;\">Halli Hallo, ich bin Petra von Diaetologie Eberharter<br \/>\nund mein Motto lautet:<\/p>\n<p style=\"text-align: center;\"><strong><span style=\"color: #41ad39;\">Essen is(s)t die erste Medizin<\/span><\/strong><\/p>\n<p><strong style=\"color: #41ad39; text-align: center;\"><img loading=\"lazy\" decoding=\"async\" class=\" wp-image-782 aligncenter\" src=\"https:\/\/www.diaetologie-eberharter.at\/kurse\/wp-content\/uploads\/2023\/08\/Petra_mit_Salat_in_der_Hand_rund-300x300-1.png\" alt=\"Petra_mit_Salat_in_der_Hand_rund-300x300\" width=\"199\" height=\"199\" srcset=\"https:\/\/www.diaetologie-eberharter.at\/kurse\/wp-content\/uploads\/2023\/08\/Petra_mit_Salat_in_der_Hand_rund-300x300-1.png 300w, https:\/\/www.diaetologie-eberharter.at\/kurse\/wp-content\/uploads\/2023\/08\/Petra_mit_Salat_in_der_Hand_rund-300x300-1-150x150.png 150w, https:\/\/www.diaetologie-eberharter.at\/kurse\/wp-content\/uploads\/2023\/08\/Petra_mit_Salat_in_der_Hand_rund-300x300-1-100x100.png 100w\" sizes=\"(max-width: 199px) 100vw, 199px\" \/><\/strong><\/p>\n<p>Als Diaetologin helfe ich dir, eine nachhaltige und ausgewogene Ern\u00e4hrung ohne jeglicher Verbote in deinem Alltag zu integrieren.<\/p>\n<p><strong>Ern\u00e4hrungsvielfalt statt Verbote<\/strong><br \/>\nIch liebe es nicht nur zu kochen, sondern auch zu essen! Dabei steht der <strong>Genuss im Vordergrund und keine Verbote<\/strong>. Ein gesundes Mittelma\u00df h\u00e4lt hier unsere (Darm-)Gesundheit und Lebensqualit\u00e4t in Balance. Zu einer ausgewogenen Lebensform geh\u00f6rt auch eine <strong>vielf\u00e4ltige Lebensmittelauswahl.<\/strong> Eine einseitige Ern\u00e4hrung macht uns \u00fcber lange Zeit krank, da unser K\u00f6rper nicht ausreichend mit lebenswichtigen N\u00e4hrstoffen versorgt wird. Nutzen wir daher die Vielfalt der Natur und st\u00e4rken unsere (Darm-)Gesundheit ganzheitlich.<\/p>\n<p><strong>Lass uns starten!<\/strong><\/p>\n<p>Deine Petra von Diaetologie Eberharter<\/p>\n<hr \/>\n<p><img loading=\"lazy\" decoding=\"async\" class=\"size-medium wp-image-940 aligncenter\" src=\"https:\/\/www.diaetologie-eberharter.at\/kurse\/wp-content\/uploads\/2024\/02\/Cover_ERN-Happen_Darmfit-1080-\u00d7-1080-px-300x300.jpg\" alt=\"\" width=\"300\" height=\"300\" srcset=\"https:\/\/www.diaetologie-eberharter.at\/kurse\/wp-content\/uploads\/2024\/02\/Cover_ERN-Happen_Darmfit-1080-\u00d7-1080-px-300x300.jpg 300w, https:\/\/www.diaetologie-eberharter.at\/kurse\/wp-content\/uploads\/2024\/02\/Cover_ERN-Happen_Darmfit-1080-\u00d7-1080-px-1024x1024.jpg 1024w, https:\/\/www.diaetologie-eberharter.at\/kurse\/wp-content\/uploads\/2024\/02\/Cover_ERN-Happen_Darmfit-1080-\u00d7-1080-px-150x150.jpg 150w, https:\/\/www.diaetologie-eberharter.at\/kurse\/wp-content\/uploads\/2024\/02\/Cover_ERN-Happen_Darmfit-1080-\u00d7-1080-px-768x768.jpg 768w, https:\/\/www.diaetologie-eberharter.at\/kurse\/wp-content\/uploads\/2024\/02\/Cover_ERN-Happen_Darmfit-1080-\u00d7-1080-px-600x600.jpg 600w, https:\/\/www.diaetologie-eberharter.at\/kurse\/wp-content\/uploads\/2024\/02\/Cover_ERN-Happen_Darmfit-1080-\u00d7-1080-px-100x100.jpg 100w, https:\/\/www.diaetologie-eberharter.at\/kurse\/wp-content\/uploads\/2024\/02\/Cover_ERN-Happen_Darmfit-1080-\u00d7-1080-px.jpg 1080w\" sizes=\"(max-width: 300px) 100vw, 300px\" \/><\/p>\n<p style=\"text-align: center;\"><span style=\"color: #41ad39;\"><strong>Darmfit &#8211; Meine 5 Top Tipps f\u00fcr Dich<br \/>\n<\/strong><\/span>\ud83d\udc49<strong>\u00a0<\/strong><strong>Nach dem Kauf erh\u00e4ltst du gleich den Zugang inkl. BONI-Rezept.<\/strong><\/p>\n","protected":false},"excerpt":{"rendered":"<p style=\"text-align: center;\"><strong><span style=\"color: #41ad39;\">Darmfit &#8211; Meine 5 Top Tipps f\u00fcr Dich<br \/>\n<\/span>Ich verrate dir meine pers\u00f6nlichen Gamechanger f\u00fcr eine ganzheitliche Darmgesundheit &#8211; inkl. BONI<\/strong><\/p>\n","protected":false},"featured_media":940,"comment_status":"closed","ping_status":"closed","template":"","meta":[],"product_brand":[],"product_cat":[38],"product_tag":[56,55,57,60,28,59,58,39,29],"class_list":{"0":"post-939","1":"product","2":"type-product","3":"status-publish","4":"has-post-thumbnail","6":"product_cat-onlinekurse","7":"product_tag-darmaufbau","8":"product_tag-darmfit","9":"product_tag-darmflora","10":"product_tag-darmfreundliches-rezept","11":"product_tag-darmgesundheit","12":"product_tag-ganzheitliche-gesundheit","13":"product_tag-mikrobiom","14":"product_tag-onlinekurs","15":"product_tag-verdauung","17":"first","18":"instock","19":"virtual","20":"purchasable","21":"product-type-simple"},"_links":{"self":[{"href":"https:\/\/www.diaetologie-eberharter.at\/kurse\/wp-json\/wp\/v2\/product\/939"}],"collection":[{"href":"https:\/\/www.diaetologie-eberharter.at\/kurse\/wp-json\/wp\/v2\/product"}],"about":[{"href":"https:\/\/www.diaetologie-eberharter.at\/kurse\/wp-json\/wp\/v2\/types\/product"}],"replies":[{"embeddable":true,"href":"https:\/\/www.diaetologie-eberharter.at\/kurse\/wp-json\/wp\/v2\/comments?post=939"}],"wp:featuredmedia":[{"embeddable":true,"href":"https:\/\/www.diaetologie-eberharter.at\/kurse\/wp-json\/wp\/v2\/media\/940"}],"wp:attachment":[{"href":"https:\/\/www.diaetologie-eberharter.at\/kurse\/wp-json\/wp\/v2\/media?parent=939"}],"wp:term":[{"taxonomy":"product_brand","embeddable":true,"href":"https:\/\/www.diaetologie-eberharter.at\/kurse\/wp-json\/wp\/v2\/product_brand?post=939"},{"taxonomy":"product_cat","embeddable":true,"href":"https:\/\/www.diaetologie-eberharter.at\/kurse\/wp-json\/wp\/v2\/product_cat?post=939"},{"taxonomy":"product_tag","embeddable":true,"href":"https:\/\/www.diaetologie-eberharter.at\/kurse\/wp-json\/wp\/v2\/product_tag?post=939"}],"curies":[{"name":"wp","href":"https:\/\/api.w.org\/{rel}","templated":true}]}}