{"id":975,"date":"2024-02-16T19:49:49","date_gmt":"2024-02-16T18:49:49","guid":{"rendered":"https:\/\/www.diaetologie-eberharter.at\/kurse\/?post_type=product&#038;p=975"},"modified":"2024-02-16T20:19:17","modified_gmt":"2024-02-16T19:19:17","slug":"ernaehrungshappen-natuerliches-entgiften","status":"publish","type":"product","link":"https:\/\/www.diaetologie-eberharter.at\/kurse\/produkt\/ernaehrungshappen-natuerliches-entgiften\/","title":{"rendered":"Ern\u00e4hrungshappen: Nat\u00fcrliches Entgiften"},"content":{"rendered":"<p style=\"text-align: center;\"><strong><span style=\"color: #41ad39;\">Nat\u00fcrliches Entgiften &#8211; leberfreundliche Ern\u00e4hrung <\/span>Ich verrate dir zwei konkrete M\u00f6glichkeiten, wie du deine Leber entlasten kannst &#8211; inkl. BONI<\/strong><\/p>\r\n<hr \/>\r\n<p>In meinem\u00a0<strong>Ern\u00e4hrungshappen<\/strong><strong> &#8222;Nat\u00fcrliches Entgiften&#8220;<\/strong> erkl\u00e4re ich dir, wie sich das Essverhalten und der Lebensstil auf deine Lebergesundheit auswirken und zeige dir <strong>zwei konkrete M\u00f6glichkeiten<\/strong>, damit du wei\u00dft wie du deine Leber entlasten kannst.<\/p><p><strong>Nach dem Ern\u00e4hrungshappen&#8230;<\/strong><\/p><ul class=\"wp-block-list\"><li>&#8230;wei\u00dft du, wie eine <strong>nicht-alkoholische Fettleber<\/strong> entsteht.<\/li>\r\n\r\n<li>&#8230;kannst du, deinen <strong>pers\u00f6nlichen Fettleber-Index<\/strong> berechnen.<\/li>\r\n\r\n<li>&#8230;kennst du zwei konkrete M\u00f6glichkeiten <strong>deine Leber zu entlasten<\/strong>.<\/li><\/ul><p><strong>+ BONI-Unterlage: <\/strong>Mit der du gleich los legen kannst! (inkl. Wochenspeiseplan-Bsp.)<\/p>\r\n<hr \/>\r\n<p><img loading=\"lazy\" decoding=\"async\" class=\"size-medium wp-image-976 aligncenter\" src=\"https:\/\/www.diaetologie-eberharter.at\/kurse\/wp-content\/uploads\/2024\/02\/Cover_ERN-Happen_Natuerliches-Entgiften-Leberfreundliche-ERN-1080-\u00d7-1080-px-300x300.jpg\" alt=\"Cover_ERN-Happen_Nat\u00fcrliches-Entgiften-Leberfreundliche-ERN (1080 \u00d7 1080 px)\" width=\"300\" height=\"300\" srcset=\"https:\/\/www.diaetologie-eberharter.at\/kurse\/wp-content\/uploads\/2024\/02\/Cover_ERN-Happen_Natuerliches-Entgiften-Leberfreundliche-ERN-1080-\u00d7-1080-px-300x300.jpg 300w, https:\/\/www.diaetologie-eberharter.at\/kurse\/wp-content\/uploads\/2024\/02\/Cover_ERN-Happen_Natuerliches-Entgiften-Leberfreundliche-ERN-1080-\u00d7-1080-px-1024x1024.jpg 1024w, https:\/\/www.diaetologie-eberharter.at\/kurse\/wp-content\/uploads\/2024\/02\/Cover_ERN-Happen_Natuerliches-Entgiften-Leberfreundliche-ERN-1080-\u00d7-1080-px-150x150.jpg 150w, https:\/\/www.diaetologie-eberharter.at\/kurse\/wp-content\/uploads\/2024\/02\/Cover_ERN-Happen_Natuerliches-Entgiften-Leberfreundliche-ERN-1080-\u00d7-1080-px-768x768.jpg 768w, https:\/\/www.diaetologie-eberharter.at\/kurse\/wp-content\/uploads\/2024\/02\/Cover_ERN-Happen_Natuerliches-Entgiften-Leberfreundliche-ERN-1080-\u00d7-1080-px-600x600.jpg 600w, https:\/\/www.diaetologie-eberharter.at\/kurse\/wp-content\/uploads\/2024\/02\/Cover_ERN-Happen_Natuerliches-Entgiften-Leberfreundliche-ERN-1080-\u00d7-1080-px-100x100.jpg 100w, https:\/\/www.diaetologie-eberharter.at\/kurse\/wp-content\/uploads\/2024\/02\/Cover_ERN-Happen_Natuerliches-Entgiften-Leberfreundliche-ERN-1080-\u00d7-1080-px.jpg 1080w\" sizes=\"(max-width: 300px) 100vw, 300px\" \/><\/p>\r\n<p style=\"text-align: center;\"><span style=\"color: #41ad39;\"><strong>Nat\u00fcrliches Entgiften &#8211; leberfreundliche Ern\u00e4hrung <\/strong><\/span>\ud83d\udc49<strong>\u00a0<\/strong><strong>Nach dem Kauf erh\u00e4ltst du gleich den Zugang inkl. BONI-Unterlage.<\/strong><\/p>\r\n<hr \/>\r\n<p><strong>Dich besch\u00e4ftigt noch eine Frage:<\/strong><\/p>\r\n<p><strong><u>In wie weit ist der Kurs auf meine Bed\u00fcrfnisse abgestimmt?*<\/u><\/strong> Ich habe die Inhalte des Ern\u00e4hrungshappen &#8222;Nat\u00fcrliches Entgiften&#8220; durch meine jahrelange ern\u00e4hrungsmedizinische Betreuung von Patient*innen mit Stoffwechselproblemen, nicht-alkoholischer-Fettleber (NAFLD, MAFLD) und dem Bed\u00fcrfnis ihre Entgiftungsorgane zu entlasten, sehr bewusst zusammengestellt, sodass der Onlinekurs <strong>bereits bestm\u00f6glich auf deine Bed\u00fcrfnisse abgestimmt ist.\u00a0<\/strong><\/p>\r\n<p><span style=\"color: #d22229;\">Auf Indikationen und Kontraindikationen zur Leberentlastung wird hingewiesen. Die Inhalte ersetzen weder \u00e4rztliche Untersuchungen und Behandlungen, noch jegliche Formen der individuellen Ern\u00e4hrungstherapie durch Diaetolog*innen.<\/span><\/p>\r\n<p><strong><u>Wie erhalte ich meinen Zugang zu den Kursinhalten?<\/u><\/strong><u> <\/u>Nach dem Kauf bekommst du einen\u00a0<strong>exklusiven Zugang<\/strong>\u00a0zu meiner\u00a0<strong>digitalen Kursseite\u00a0<\/strong>\u2013 schau bitte auch im Spam-Ordner nach, falls du nichts erh\u00e4ltst.<\/p>\r\n<p><strong><u>Wie lange habe ich Zugriff auf die Inhalte?<\/u><\/strong> Damit du langfristig deine Entgiftungsorgane nat\u00fcrlich unterst\u00fctzt und du die leberfreundliche Ern\u00e4hrung schrittweise in deinen Alltag integrieren kannst, hast du solange Zugriff auf alle Inhalte, solange es Diaetologie Eberharter gibt. Die digitalen Dokumente (PDF, Rezepte,&#8230;) kannst du dir herunterladen und speichern.<\/p>\r\n<p><strong><u>Hast du noch eine Frage?<\/u><\/strong> Ich bin sehr gerne unter\u00a0<a href=\"https:\/\/www.diaetologie-eberharter.at\/kontakt\/\"><strong>office@diaetologie-eberharter.at<\/strong><\/a>\u00a0f\u00fcr dich erreichbar und antworte dir, so schnell ich kann.<\/p>\r\n<p>*Bitte beachte, dass der Kurs weder eine \u00e4rztliche Untersuchung, noch eine individuelle Ern\u00e4hrungstherapie durch Diaetolog*innen ersetzen kann.<\/p>\r\n<hr \/>\r\n<p style=\"text-align: center;\">Halli Hallo, ich bin Petra von Diaetologie Eberharter und mein Motto lautet:<\/p>\r\n<p style=\"text-align: center;\"><strong><span style=\"color: #41ad39;\">Essen is(s)t die erste Medizin<\/span><\/strong><\/p>\r\n<p><strong style=\"color: #41ad39; text-align: center;\"><img loading=\"lazy\" decoding=\"async\" class=\" wp-image-782 aligncenter\" src=\"https:\/\/www.diaetologie-eberharter.at\/kurse\/wp-content\/uploads\/2023\/08\/Petra_mit_Salat_in_der_Hand_rund-300x300-1.png\" alt=\"Petra_mit_Salat_in_der_Hand_rund-300x300\" width=\"199\" height=\"199\" srcset=\"https:\/\/www.diaetologie-eberharter.at\/kurse\/wp-content\/uploads\/2023\/08\/Petra_mit_Salat_in_der_Hand_rund-300x300-1.png 300w, https:\/\/www.diaetologie-eberharter.at\/kurse\/wp-content\/uploads\/2023\/08\/Petra_mit_Salat_in_der_Hand_rund-300x300-1-150x150.png 150w, https:\/\/www.diaetologie-eberharter.at\/kurse\/wp-content\/uploads\/2023\/08\/Petra_mit_Salat_in_der_Hand_rund-300x300-1-100x100.png 100w\" sizes=\"(max-width: 199px) 100vw, 199px\" \/><\/strong> Als Diaetologin helfe ich dir, eine nachhaltige und ausgewogene Ern\u00e4hrung ohne jeglicher Verbote in deinem Alltag zu integrieren. <strong>Ern\u00e4hrungsvielfalt statt Verbote<\/strong> Ich liebe es nicht nur zu kochen, sondern auch zu essen! Dabei steht der <strong>Genuss im Vordergrund und keine Verbote<\/strong>. Ein gesundes Mittelma\u00df h\u00e4lt hier unsere (Darm-)Gesundheit und Lebensqualit\u00e4t in Balance. Zu einer ausgewogenen Lebensform geh\u00f6rt auch eine <strong>vielf\u00e4ltige Lebensmittelauswahl.<\/strong> Eine einseitige Ern\u00e4hrung macht uns \u00fcber lange Zeit krank, da unser K\u00f6rper nicht ausreichend mit lebenswichtigen N\u00e4hrstoffen versorgt wird. Nutzen wir daher die Vielfalt der Natur und st\u00e4rken unsere (Darm-)Gesundheit ganzheitlich. <strong>Lass uns starten!<\/strong> Deine Petra von Diaetologie Eberharter<\/p>\r\n<hr \/>\r\n<p><img loading=\"lazy\" decoding=\"async\" class=\"size-medium wp-image-976 aligncenter\" src=\"https:\/\/www.diaetologie-eberharter.at\/kurse\/wp-content\/uploads\/2024\/02\/Cover_ERN-Happen_Natuerliches-Entgiften-Leberfreundliche-ERN-1080-\u00d7-1080-px-300x300.jpg\" alt=\"Cover_ERN-Happen_Nat\u00fcrliches-Entgiften-Leberfreundliche-ERN (1080 \u00d7 1080 px)\" width=\"300\" height=\"300\" srcset=\"https:\/\/www.diaetologie-eberharter.at\/kurse\/wp-content\/uploads\/2024\/02\/Cover_ERN-Happen_Natuerliches-Entgiften-Leberfreundliche-ERN-1080-\u00d7-1080-px-300x300.jpg 300w, https:\/\/www.diaetologie-eberharter.at\/kurse\/wp-content\/uploads\/2024\/02\/Cover_ERN-Happen_Natuerliches-Entgiften-Leberfreundliche-ERN-1080-\u00d7-1080-px-1024x1024.jpg 1024w, https:\/\/www.diaetologie-eberharter.at\/kurse\/wp-content\/uploads\/2024\/02\/Cover_ERN-Happen_Natuerliches-Entgiften-Leberfreundliche-ERN-1080-\u00d7-1080-px-150x150.jpg 150w, https:\/\/www.diaetologie-eberharter.at\/kurse\/wp-content\/uploads\/2024\/02\/Cover_ERN-Happen_Natuerliches-Entgiften-Leberfreundliche-ERN-1080-\u00d7-1080-px-768x768.jpg 768w, https:\/\/www.diaetologie-eberharter.at\/kurse\/wp-content\/uploads\/2024\/02\/Cover_ERN-Happen_Natuerliches-Entgiften-Leberfreundliche-ERN-1080-\u00d7-1080-px-600x600.jpg 600w, https:\/\/www.diaetologie-eberharter.at\/kurse\/wp-content\/uploads\/2024\/02\/Cover_ERN-Happen_Natuerliches-Entgiften-Leberfreundliche-ERN-1080-\u00d7-1080-px-100x100.jpg 100w, https:\/\/www.diaetologie-eberharter.at\/kurse\/wp-content\/uploads\/2024\/02\/Cover_ERN-Happen_Natuerliches-Entgiften-Leberfreundliche-ERN-1080-\u00d7-1080-px.jpg 1080w\" sizes=\"(max-width: 300px) 100vw, 300px\" \/><\/p>\r\n<p style=\"text-align: center;\"><span style=\"color: #41ad39;\"><strong>Nat\u00fcrliches Entgiften &#8211; leberfreundliche Ern\u00e4hrung <\/strong><\/span>\ud83d\udc49<strong>\u00a0<\/strong><strong>Nach dem Kauf erh\u00e4ltst du gleich den Zugang inkl. BONI-Unterlage.<\/strong><\/p>","protected":false},"excerpt":{"rendered":"<p style=\"text-align: center;\"><strong><span style=\"color: #41ad39;\">Nat\u00fcrliches Entgiften &#8211; leberfreundliche Ern\u00e4hrung <\/span>Ich verrate dir zwei konkrete M\u00f6glichkeiten, wie du deine Leber entlasten kannst &#8211; inkl. BONI<\/strong><\/p>\n","protected":false},"featured_media":976,"comment_status":"closed","ping_status":"closed","template":"","meta":[],"product_brand":[],"product_cat":[38],"product_tag":[65,63,66,59,67,64,68,39],"class_list":{"0":"post-975","1":"product","2":"type-product","3":"status-publish","4":"has-post-thumbnail","6":"product_cat-onlinekurse","7":"product_tag-detox","8":"product_tag-entgiften","9":"product_tag-fettleber","10":"product_tag-ganzheitliche-gesundheit","11":"product_tag-leber-entlasten","12":"product_tag-leberfreundlich","13":"product_tag-natuerlich-entgiften","14":"product_tag-onlinekurs","16":"first","17":"instock","18":"virtual","19":"purchasable","20":"product-type-simple"},"_links":{"self":[{"href":"https:\/\/www.diaetologie-eberharter.at\/kurse\/wp-json\/wp\/v2\/product\/975"}],"collection":[{"href":"https:\/\/www.diaetologie-eberharter.at\/kurse\/wp-json\/wp\/v2\/product"}],"about":[{"href":"https:\/\/www.diaetologie-eberharter.at\/kurse\/wp-json\/wp\/v2\/types\/product"}],"replies":[{"embeddable":true,"href":"https:\/\/www.diaetologie-eberharter.at\/kurse\/wp-json\/wp\/v2\/comments?post=975"}],"wp:featuredmedia":[{"embeddable":true,"href":"https:\/\/www.diaetologie-eberharter.at\/kurse\/wp-json\/wp\/v2\/media\/976"}],"wp:attachment":[{"href":"https:\/\/www.diaetologie-eberharter.at\/kurse\/wp-json\/wp\/v2\/media?parent=975"}],"wp:term":[{"taxonomy":"product_brand","embeddable":true,"href":"https:\/\/www.diaetologie-eberharter.at\/kurse\/wp-json\/wp\/v2\/product_brand?post=975"},{"taxonomy":"product_cat","embeddable":true,"href":"https:\/\/www.diaetologie-eberharter.at\/kurse\/wp-json\/wp\/v2\/product_cat?post=975"},{"taxonomy":"product_tag","embeddable":true,"href":"https:\/\/www.diaetologie-eberharter.at\/kurse\/wp-json\/wp\/v2\/product_tag?post=975"}],"curies":[{"name":"wp","href":"https:\/\/api.w.org\/{rel}","templated":true}]}}